{"id":9775,"date":"2023-03-02T18:07:29","date_gmt":"2023-03-02T17:07:29","guid":{"rendered":"https:\/\/www.hotelhari.ch\/?page_id=9775"},"modified":"2024-02-04T19:38:07","modified_gmt":"2024-02-04T18:38:07","slug":"150-years-hotel-hari","status":"publish","type":"page","link":"https:\/\/www.hotelhari.ch\/en\/150-years-hotel-hari\/","title":{"rendered":"150 Years Hotel Hari"},"content":{"rendered":"<h1 style=\"text-align: center;\">At your service since 1873.<\/h1>\n<p><img loading=\"lazy\" decoding=\"async\" class=\"aligncenter size-full wp-image-157\" src=\"https:\/\/www.hotelhari.ch\/ferien\/wp-content\/uploads\/2015\/05\/bogen_braun.png\" alt=\"\" width=\"467\" height=\"10\" srcset=\"https:\/\/www.hotelhari.ch\/ferien\/wp-content\/uploads\/2015\/05\/bogen_braun.png 467w, https:\/\/www.hotelhari.ch\/ferien\/wp-content\/uploads\/2015\/05\/bogen_braun-300x6.png 300w, https:\/\/www.hotelhari.ch\/ferien\/wp-content\/uploads\/2015\/05\/bogen_braun-400x10.png 400w\" sizes=\"auto, (max-width: 467px) 100vw, 467px\" \/><\/p>\n<div  class=\"lgc-column lgc-grid-parent lgc-grid-50 lgc-tablet-grid-50 lgc-mobile-grid-100 lgc-equal-heights c\"><div  class=\"inside-grid-column\"><img loading=\"lazy\" decoding=\"async\" src=\"https:\/\/www.hotelhari.ch\/ferien\/wp-content\/uploads\/2023\/03\/2023_christian-hari.jpg\" alt=\"\" width=\"535\" height=\"413\" class=\"alignnone size-full wp-image-9748\" srcset=\"https:\/\/www.hotelhari.ch\/ferien\/wp-content\/uploads\/2023\/03\/2023_christian-hari.jpg 535w, https:\/\/www.hotelhari.ch\/ferien\/wp-content\/uploads\/2023\/03\/2023_christian-hari-300x232.jpg 300w\" sizes=\"auto, (max-width: 535px) 100vw, 535px\" \/><\/div><\/div><div  class=\"lgc-column lgc-grid-parent lgc-grid-50 lgc-tablet-grid-50 lgc-mobile-grid-100 lgc-equal-heights c\"><div  class=\"inside-grid-column\">\n<h2>150 years of Hotel Hari<\/h2>\n<p>In 1873, teacher Christian Hari hosted the first guests on the Schlegeli and thus not only founded the Hotel Hari, but also tourism in Adelboden. <\/p>\n<p>150 years have passed since then. We are still happy about every guest who spends a few days on holiday with us in the beautiful Bernese Oberland and recovers holistically.<\/p>\n<p>&#8220;Arrive and feel good&#8221; &#8211; what Christian Hari made possible for his guests through his tireless efforts is still our motto today. Celebrate 150 years of Hotel Hari with us!<\/p>\n<p><\/p><\/div><\/div><div class=\"lgc-clear\"><\/div>\n<div  class=\"lgc-column lgc-grid-parent lgc-grid-50 lgc-tablet-grid-50 lgc-mobile-grid-100 lgc-equal-heights c\"><div  class=\"inside-grid-column\">\n<h2>The events<\/h2>\n<p>We will celebrate our anniversary with 3 events at once: once with our shareholders, once with the village population and of course with our guests.<\/p>\n<p>On 15 April 2023 is the anniversary general meeting. On 11 June 2023, we celebrate with an Alliance service and an aperitif for the whole village: all are welcome.<\/p>\n<p>Finally, we celebrate with a selection of our most loyal regulars, who may not have been with us for 150 years, but have been with us for decades. Without all of you, we wouldn&#8217;t exist.<\/p>\n<p><\/p><\/div><\/div><div  class=\"lgc-column lgc-grid-parent lgc-grid-50 lgc-tablet-grid-50 lgc-mobile-grid-100 lgc-equal-heights c\"><div  class=\"inside-grid-column\"><img loading=\"lazy\" decoding=\"async\" src=\"https:\/\/www.hotelhari.ch\/ferien\/wp-content\/uploads\/2023\/03\/2023_ansicht.jpg\" alt=\"\" width=\"535\" height=\"413\" class=\"alignnone size-full wp-image-9770\" srcset=\"https:\/\/www.hotelhari.ch\/ferien\/wp-content\/uploads\/2023\/03\/2023_ansicht.jpg 535w, https:\/\/www.hotelhari.ch\/ferien\/wp-content\/uploads\/2023\/03\/2023_ansicht-300x232.jpg 300w\" sizes=\"auto, (max-width: 535px) 100vw, 535px\" \/><\/div><\/div><div class=\"lgc-clear\"><\/div>\n<div  class=\"lgc-column lgc-grid-parent lgc-grid-50 lgc-tablet-grid-50 lgc-mobile-grid-100 lgc-equal-heights c\"><div  class=\"inside-grid-column\"><img loading=\"lazy\" decoding=\"async\" src=\"https:\/\/www.hotelhari.ch\/ferien\/wp-content\/uploads\/2023\/03\/2023_imagevideo-makingof.jpg\" alt=\"\" width=\"535\" height=\"413\" class=\"alignnone size-full wp-image-9754\" srcset=\"https:\/\/www.hotelhari.ch\/ferien\/wp-content\/uploads\/2023\/03\/2023_imagevideo-makingof.jpg 535w, https:\/\/www.hotelhari.ch\/ferien\/wp-content\/uploads\/2023\/03\/2023_imagevideo-makingof-300x232.jpg 300w\" sizes=\"auto, (max-width: 535px) 100vw, 535px\" \/><\/div><\/div><div  class=\"lgc-column lgc-grid-parent lgc-grid-50 lgc-tablet-grid-50 lgc-mobile-grid-100 lgc-equal-heights c\"><div  class=\"inside-grid-column\">\n<h2>The video<\/h2>\n<p>For our 150th birthday, we are giving ourselves a present: a contemporary hotel video. &#8220;Arrive and feel at home.&#8221; So that others can experience this too.<\/p>\n<p>Katja H. comes to the Hotel Hari on holiday. She admires the fantastic view, relaxes in the good beds, enjoys the fellowship at dinner, pampers herself in the spa, climbs the mountains and allows herself peace and time for herself.<\/p>\n<p>But watch for yourself! Coming very soon: The new hotel video.<\/p>\n<p><\/p><\/div><\/div><div class=\"lgc-clear\"><\/div>\n<div  class=\"lgc-column lgc-grid-parent lgc-grid-50 lgc-tablet-grid-50 lgc-mobile-grid-100 lgc-equal-heights c\"><div  class=\"inside-grid-column\">\n<h2>Die Geschichte<\/h2>\n<p>150 Jahre bringen so einiges an Geschichte mit sich: Von den Gr\u00fcndern zu den neuen H\u00e4usern, von der ersten Bl\u00fctezeit zur Neuzeit.<\/p>\n<p>Schon klar, dass wir diese Geschichte mit euch allen teilen: In einer sauberen, schmucken Jubil\u00e4umsbrosch\u00fcre. Denn unsere Geschichte ist auch eure Geschichte.<\/p>\n<p>Wir sind mit Hochdruck am st\u00f6bern, schreiben, suchen und scannen. Bis das alles unter Dach und Fach bzw. zwischen zwei Seiten ist, verweisen wir gerne auf die Geschichte <a href=\"https:\/\/www.hotelhari.ch\/en\/about-us\/history\/\" target=\"_blank\" rel=\"noopener\">auf unserer Webseite<\/a>.<\/p>\n<p><\/p><\/div><\/div><div  class=\"lgc-column lgc-grid-parent lgc-grid-50 lgc-tablet-grid-50 lgc-mobile-grid-100 lgc-equal-heights c\"><div  class=\"inside-grid-column\"><img loading=\"lazy\" decoding=\"async\" src=\"https:\/\/www.hotelhari.ch\/ferien\/wp-content\/uploads\/2023\/03\/2023_geschichte.jpg\" alt=\"\" width=\"535\" height=\"413\" class=\"alignnone size-full wp-image-9767\" srcset=\"https:\/\/www.hotelhari.ch\/ferien\/wp-content\/uploads\/2023\/03\/2023_geschichte.jpg 535w, https:\/\/www.hotelhari.ch\/ferien\/wp-content\/uploads\/2023\/03\/2023_geschichte-300x232.jpg 300w\" sizes=\"auto, (max-width: 535px) 100vw, 535px\" \/><\/div><\/div><div class=\"lgc-clear\"><\/div>\n<div  class=\"lgc-column lgc-grid-parent lgc-grid-50 lgc-tablet-grid-50 lgc-mobile-grid-100 lgc-equal-heights c\"><div  class=\"inside-grid-column\"><img loading=\"lazy\" decoding=\"async\" src=\"https:\/\/www.hotelhari.ch\/ferien\/wp-content\/uploads\/2023\/03\/2023_projekt.jpg\" alt=\"\" width=\"535\" height=\"413\" class=\"alignnone size-full wp-image-9745\" srcset=\"https:\/\/www.hotelhari.ch\/ferien\/wp-content\/uploads\/2023\/03\/2023_projekt.jpg 535w, https:\/\/www.hotelhari.ch\/ferien\/wp-content\/uploads\/2023\/03\/2023_projekt-300x232.jpg 300w\" sizes=\"auto, (max-width: 535px) 100vw, 535px\" \/><\/div><\/div><div  class=\"lgc-column lgc-grid-parent lgc-grid-50 lgc-tablet-grid-50 lgc-mobile-grid-100 lgc-equal-heights c\"><div  class=\"inside-grid-column\">\n<h2>The project<\/h2>\n<p>After 150 years, we are setting out for the future: We are building a new main building! And thus lay the foundation for the next 50 to 100 years. For us and our guests.<\/p>\n<p>A convincing project is being developed. The municipality and the canton are behind it. The building application will be submitted soon. Then we can say more about it. Or even better, build it right away.<\/p>\n<p>A standstill is the final stand. We are still a long way from that point. We&#8217;re still on the move. So that in 150 years we will still be there for you with joy.<\/p>\n<p><\/p><\/div><\/div><div class=\"lgc-clear\"><\/div>\n<p><a href=\"https:\/\/www.hotelhari.ch\/en\/\"><img loading=\"lazy\" decoding=\"async\" src=\"https:\/\/www.hotelhari.ch\/ferien\/wp-content\/uploads\/2023\/03\/Hotel_Hari_150Jahre_Logo_farb_hoch_800.png\" alt=\"\" width=\"800\" height=\"382\" class=\"aligncenter size-full wp-image-9733\" srcset=\"https:\/\/www.hotelhari.ch\/ferien\/wp-content\/uploads\/2023\/03\/Hotel_Hari_150Jahre_Logo_farb_hoch_800.png 800w, https:\/\/www.hotelhari.ch\/ferien\/wp-content\/uploads\/2023\/03\/Hotel_Hari_150Jahre_Logo_farb_hoch_800-300x143.png 300w, https:\/\/www.hotelhari.ch\/ferien\/wp-content\/uploads\/2023\/03\/Hotel_Hari_150Jahre_Logo_farb_hoch_800-768x367.png 768w\" sizes=\"auto, (max-width: 800px) 100vw, 800px\" \/><\/a><\/p>\n","protected":false},"excerpt":{"rendered":"<p>At your service since 1873.<\/p>\n","protected":false},"author":815,"featured_media":0,"parent":0,"menu_order":4,"comment_status":"closed","ping_status":"closed","template":"","meta":{"generate_page_header":"","footnotes":""},"class_list":["post-9775","page","type-page","status-publish"],"yoast_head":"<!-- This site is optimized with the Yoast SEO plugin v25.9 - https:\/\/yoast.com\/wordpress\/plugins\/seo\/ -->\n<title>150 years of Hotel Hari: What a privilege, what a story!<\/title>\n<meta name=\"description\" content=\"150 years of Hotel Hari: What a privilege, what a story! Find out more about 150 years of hotel history here.\" \/>\n<meta name=\"robots\" content=\"index, follow, max-snippet:-1, max-image-preview:large, max-video-preview:-1\" \/>\n<link rel=\"canonical\" href=\"https:\/\/www.hotelhari.ch\/en\/150-years-hotel-hari\/\" \/>\n<meta property=\"og:locale\" content=\"en_US\" \/>\n<meta property=\"og:type\" content=\"article\" \/>\n<meta property=\"og:title\" content=\"150 years of Hotel Hari: What a privilege, what a story!\" \/>\n<meta property=\"og:description\" content=\"150 years of Hotel Hari: What a privilege, what a story! Find out more about 150 years of hotel history here.\" \/>\n<meta property=\"og:url\" content=\"https:\/\/www.hotelhari.ch\/en\/150-years-hotel-hari\/\" \/>\n<meta property=\"og:site_name\" content=\"Hotel Hari im Schlegeli AG\" \/>\n<meta property=\"article:publisher\" content=\"https:\/\/www.facebook.com\/HotelHari.Adelboden\/\" \/>\n<meta property=\"article:modified_time\" content=\"2024-02-04T18:38:07+00:00\" \/>\n<meta property=\"og:image\" content=\"https:\/\/www.hotelhari.ch\/ferien\/wp-content\/uploads\/2015\/05\/bogen_braun.png\" \/>\n<meta name=\"twitter:card\" content=\"summary_large_image\" \/>\n<meta name=\"twitter:label1\" content=\"Est. reading time\" \/>\n\t<meta name=\"twitter:data1\" content=\"5 minutes\" \/>\n<script type=\"application\/ld+json\" class=\"yoast-schema-graph\">{\"@context\":\"https:\/\/schema.org\",\"@graph\":[{\"@type\":\"WebPage\",\"@id\":\"https:\/\/www.hotelhari.ch\/en\/150-years-hotel-hari\/\",\"url\":\"https:\/\/www.hotelhari.ch\/en\/150-years-hotel-hari\/\",\"name\":\"150 years of Hotel Hari: What a privilege, what a story!\",\"isPartOf\":{\"@id\":\"https:\/\/www.hotelhari.ch\/en\/#website\"},\"primaryImageOfPage\":{\"@id\":\"https:\/\/www.hotelhari.ch\/en\/150-years-hotel-hari\/#primaryimage\"},\"image\":{\"@id\":\"https:\/\/www.hotelhari.ch\/en\/150-years-hotel-hari\/#primaryimage\"},\"thumbnailUrl\":\"https:\/\/www.hotelhari.ch\/ferien\/wp-content\/uploads\/2015\/05\/bogen_braun.png\",\"datePublished\":\"2023-03-02T17:07:29+00:00\",\"dateModified\":\"2024-02-04T18:38:07+00:00\",\"description\":\"150 years of Hotel Hari: What a privilege, what a story! Find out more about 150 years of hotel history here.\",\"breadcrumb\":{\"@id\":\"https:\/\/www.hotelhari.ch\/en\/150-years-hotel-hari\/#breadcrumb\"},\"inLanguage\":\"en-US\",\"potentialAction\":[{\"@type\":\"ReadAction\",\"target\":[\"https:\/\/www.hotelhari.ch\/en\/150-years-hotel-hari\/\"]}]},{\"@type\":\"ImageObject\",\"inLanguage\":\"en-US\",\"@id\":\"https:\/\/www.hotelhari.ch\/en\/150-years-hotel-hari\/#primaryimage\",\"url\":\"https:\/\/www.hotelhari.ch\/ferien\/wp-content\/uploads\/2015\/05\/bogen_braun.png\",\"contentUrl\":\"https:\/\/www.hotelhari.ch\/ferien\/wp-content\/uploads\/2015\/05\/bogen_braun.png\"},{\"@type\":\"BreadcrumbList\",\"@id\":\"https:\/\/www.hotelhari.ch\/en\/150-years-hotel-hari\/#breadcrumb\",\"itemListElement\":[{\"@type\":\"ListItem\",\"position\":1,\"name\":\"Hotel Hari\",\"item\":\"https:\/\/www.hotelhari.ch\/en\/\"},{\"@type\":\"ListItem\",\"position\":2,\"name\":\"150 Years Hotel Hari\"}]},{\"@type\":\"WebSite\",\"@id\":\"https:\/\/www.hotelhari.ch\/en\/#website\",\"url\":\"https:\/\/www.hotelhari.ch\/en\/\",\"name\":\"Hotel Hari im Schlegeli AG\",\"description\":\"Herzlich willkommen im Hotel Hari!\",\"publisher\":{\"@id\":\"https:\/\/www.hotelhari.ch\/en\/#organization\"},\"potentialAction\":[{\"@type\":\"SearchAction\",\"target\":{\"@type\":\"EntryPoint\",\"urlTemplate\":\"https:\/\/www.hotelhari.ch\/en\/?s={search_term_string}\"},\"query-input\":{\"@type\":\"PropertyValueSpecification\",\"valueRequired\":true,\"valueName\":\"search_term_string\"}}],\"inLanguage\":\"en-US\"},{\"@type\":\"Organization\",\"@id\":\"https:\/\/www.hotelhari.ch\/en\/#organization\",\"name\":\"Hotel Hari im Schlegeli AG\",\"url\":\"https:\/\/www.hotelhari.ch\/en\/\",\"logo\":{\"@type\":\"ImageObject\",\"inLanguage\":\"en-US\",\"@id\":\"https:\/\/www.hotelhari.ch\/en\/#\/schema\/logo\/image\/\",\"url\":\"https:\/\/www.hotelhari.ch\/ferien\/wp-content\/uploads\/2015\/05\/Hotel_Hari_Logo.png\",\"contentUrl\":\"https:\/\/www.hotelhari.ch\/ferien\/wp-content\/uploads\/2015\/05\/Hotel_Hari_Logo.png\",\"width\":400,\"height\":110,\"caption\":\"Hotel Hari im Schlegeli AG\"},\"image\":{\"@id\":\"https:\/\/www.hotelhari.ch\/en\/#\/schema\/logo\/image\/\"},\"sameAs\":[\"https:\/\/www.facebook.com\/HotelHari.Adelboden\/\",\"https:\/\/www.instagram.com\/hotelhariadelboden\/\"]}]}<\/script>\n<!-- \/ Yoast SEO plugin. -->","yoast_head_json":{"title":"150 years of Hotel Hari: What a privilege, what a story!","description":"150 years of Hotel Hari: What a privilege, what a story! Find out more about 150 years of hotel history here.","robots":{"index":"index","follow":"follow","max-snippet":"max-snippet:-1","max-image-preview":"max-image-preview:large","max-video-preview":"max-video-preview:-1"},"canonical":"https:\/\/www.hotelhari.ch\/en\/150-years-hotel-hari\/","og_locale":"en_US","og_type":"article","og_title":"150 years of Hotel Hari: What a privilege, what a story!","og_description":"150 years of Hotel Hari: What a privilege, what a story! Find out more about 150 years of hotel history here.","og_url":"https:\/\/www.hotelhari.ch\/en\/150-years-hotel-hari\/","og_site_name":"Hotel Hari im Schlegeli AG","article_publisher":"https:\/\/www.facebook.com\/HotelHari.Adelboden\/","article_modified_time":"2024-02-04T18:38:07+00:00","og_image":[{"url":"https:\/\/www.hotelhari.ch\/ferien\/wp-content\/uploads\/2015\/05\/bogen_braun.png","type":"","width":"","height":""}],"twitter_card":"summary_large_image","twitter_misc":{"Est. reading time":"5 minutes"},"schema":{"@context":"https:\/\/schema.org","@graph":[{"@type":"WebPage","@id":"https:\/\/www.hotelhari.ch\/en\/150-years-hotel-hari\/","url":"https:\/\/www.hotelhari.ch\/en\/150-years-hotel-hari\/","name":"150 years of Hotel Hari: What a privilege, what a story!","isPartOf":{"@id":"https:\/\/www.hotelhari.ch\/en\/#website"},"primaryImageOfPage":{"@id":"https:\/\/www.hotelhari.ch\/en\/150-years-hotel-hari\/#primaryimage"},"image":{"@id":"https:\/\/www.hotelhari.ch\/en\/150-years-hotel-hari\/#primaryimage"},"thumbnailUrl":"https:\/\/www.hotelhari.ch\/ferien\/wp-content\/uploads\/2015\/05\/bogen_braun.png","datePublished":"2023-03-02T17:07:29+00:00","dateModified":"2024-02-04T18:38:07+00:00","description":"150 years of Hotel Hari: What a privilege, what a story! Find out more about 150 years of hotel history here.","breadcrumb":{"@id":"https:\/\/www.hotelhari.ch\/en\/150-years-hotel-hari\/#breadcrumb"},"inLanguage":"en-US","potentialAction":[{"@type":"ReadAction","target":["https:\/\/www.hotelhari.ch\/en\/150-years-hotel-hari\/"]}]},{"@type":"ImageObject","inLanguage":"en-US","@id":"https:\/\/www.hotelhari.ch\/en\/150-years-hotel-hari\/#primaryimage","url":"https:\/\/www.hotelhari.ch\/ferien\/wp-content\/uploads\/2015\/05\/bogen_braun.png","contentUrl":"https:\/\/www.hotelhari.ch\/ferien\/wp-content\/uploads\/2015\/05\/bogen_braun.png"},{"@type":"BreadcrumbList","@id":"https:\/\/www.hotelhari.ch\/en\/150-years-hotel-hari\/#breadcrumb","itemListElement":[{"@type":"ListItem","position":1,"name":"Hotel Hari","item":"https:\/\/www.hotelhari.ch\/en\/"},{"@type":"ListItem","position":2,"name":"150 Years Hotel Hari"}]},{"@type":"WebSite","@id":"https:\/\/www.hotelhari.ch\/en\/#website","url":"https:\/\/www.hotelhari.ch\/en\/","name":"Hotel Hari im Schlegeli AG","description":"Herzlich willkommen im Hotel Hari!","publisher":{"@id":"https:\/\/www.hotelhari.ch\/en\/#organization"},"potentialAction":[{"@type":"SearchAction","target":{"@type":"EntryPoint","urlTemplate":"https:\/\/www.hotelhari.ch\/en\/?s={search_term_string}"},"query-input":{"@type":"PropertyValueSpecification","valueRequired":true,"valueName":"search_term_string"}}],"inLanguage":"en-US"},{"@type":"Organization","@id":"https:\/\/www.hotelhari.ch\/en\/#organization","name":"Hotel Hari im Schlegeli AG","url":"https:\/\/www.hotelhari.ch\/en\/","logo":{"@type":"ImageObject","inLanguage":"en-US","@id":"https:\/\/www.hotelhari.ch\/en\/#\/schema\/logo\/image\/","url":"https:\/\/www.hotelhari.ch\/ferien\/wp-content\/uploads\/2015\/05\/Hotel_Hari_Logo.png","contentUrl":"https:\/\/www.hotelhari.ch\/ferien\/wp-content\/uploads\/2015\/05\/Hotel_Hari_Logo.png","width":400,"height":110,"caption":"Hotel Hari im Schlegeli AG"},"image":{"@id":"https:\/\/www.hotelhari.ch\/en\/#\/schema\/logo\/image\/"},"sameAs":["https:\/\/www.facebook.com\/HotelHari.Adelboden\/","https:\/\/www.instagram.com\/hotelhariadelboden\/"]}]}},"publishpress_future_action":{"enabled":false,"date":"2026-04-17 12:15:31","action":"change-status","newStatus":"draft","terms":[],"taxonomy":"translation_priority","extraData":[]},"publishpress_future_workflow_manual_trigger":{"enabledWorkflows":[]},"_links":{"self":[{"href":"https:\/\/www.hotelhari.ch\/en\/wp-json\/wp\/v2\/pages\/9775","targetHints":{"allow":["GET"]}}],"collection":[{"href":"https:\/\/www.hotelhari.ch\/en\/wp-json\/wp\/v2\/pages"}],"about":[{"href":"https:\/\/www.hotelhari.ch\/en\/wp-json\/wp\/v2\/types\/page"}],"author":[{"embeddable":true,"href":"https:\/\/www.hotelhari.ch\/en\/wp-json\/wp\/v2\/users\/815"}],"replies":[{"embeddable":true,"href":"https:\/\/www.hotelhari.ch\/en\/wp-json\/wp\/v2\/comments?post=9775"}],"version-history":[{"count":2,"href":"https:\/\/www.hotelhari.ch\/en\/wp-json\/wp\/v2\/pages\/9775\/revisions"}],"predecessor-version":[{"id":10365,"href":"https:\/\/www.hotelhari.ch\/en\/wp-json\/wp\/v2\/pages\/9775\/revisions\/10365"}],"wp:attachment":[{"href":"https:\/\/www.hotelhari.ch\/en\/wp-json\/wp\/v2\/media?parent=9775"}],"curies":[{"name":"wp","href":"https:\/\/api.w.org\/{rel}","templated":true}]}}