{"id":2250,"date":"2015-10-21T20:45:11","date_gmt":"2015-10-21T19:45:11","guid":{"rendered":"http:\/\/hotelhari.ch.nova.ch-meta.net\/fr\/?page_id=2250"},"modified":"2024-02-04T17:56:43","modified_gmt":"2024-02-04T16:56:43","slug":"cg","status":"publish","type":"page","link":"https:\/\/www.hotelhari.ch\/fr\/cg\/","title":{"rendered":"CG"},"content":{"rendered":"<div  class=\"lgc-column lgc-grid-parent lgc-grid-100 lgc-tablet-grid-100 lgc-mobile-grid-100 lgc-equal-heights c\"><div  class=\"inside-grid-column\">\n<h1>Conditions g\u00e9n\u00e9rales<\/h1>\n<p><img loading=\"lazy\" decoding=\"async\" class=\"aligncenter size-full wp-image-157\" src=\"https:\/\/www.hotelhari.ch\/ferien\/wp-content\/uploads\/2015\/05\/bogen_braun.png\" alt=\"\" width=\"467\" height=\"10\" srcset=\"https:\/\/www.hotelhari.ch\/ferien\/wp-content\/uploads\/2015\/05\/bogen_braun.png 467w, https:\/\/www.hotelhari.ch\/ferien\/wp-content\/uploads\/2015\/05\/bogen_braun-300x6.png 300w, https:\/\/www.hotelhari.ch\/ferien\/wp-content\/uploads\/2015\/05\/bogen_braun-400x10.png 400w\" sizes=\"auto, (max-width: 467px) 100vw, 467px\" \/><\/p>\n<h2>BIENVENUE \u00c0 L\u2019H\u00d4TEL HARI!<\/h2>\n<p>Nous sommes impatients de vous accueillir \u00e0 la date r\u00e9serv\u00e9e. Malheureusement, il arrive de temps en temps que vous soyez oblig\u00e9 d&rsquo;annuler votre s\u00e9jour. Veuillez nous informer le plus t\u00f4t possible afin d&rsquo;\u00e9viter des frais suppl\u00e9mentaires. Les conditions suivantes s&rsquo;appliquent :<\/p>\n<p>&#8211; de 21 jours jusqu\u2019\u00e0 14 jours avant votre arriv\u00e9e : 25% du montant de la r\u00e9servation<br \/>\n&#8211; de 13 jours jusqu\u2019\u00e0 7 jours avant votre arriv\u00e9e : 50% du montant de la r\u00e9servation<br \/>\n&#8211; de 6 jours jusqu\u2019\u00e0 1 jour avant votre arriv\u00e9e : 75% du montant de la r\u00e9servation<br \/>\n&#8211; le jour de votre arriv\u00e9e : 100% du montant de la r\u00e9servation<\/p>\n<p>Vous comprendrez certainement que nous ne pouvons pas rembourser une annulation due \u00e0 des conditions m\u00e9t\u00e9orologiques d\u00e9favorables ou \u00e0 d&rsquo;autres raisons. De m\u00eame, les r\u00e9ductions de prix sont exclues en cas de modification de l&rsquo;offre due \u00e0 un manque d&rsquo;\u00e9nergie, \u00e0 une panne ou \u00e0 un contingentement.<\/p>\n<p>Nous vous recommandons de souscrire une assurance annulation, en vous rendant par exemple sur le site <a href=\"https:\/\/www.mobi.ch\">www.mobi.ch<\/a>.<\/p>\n<p><\/p><\/div><\/div><div class=\"lgc-clear\"><\/div>\n<div  class=\"lgc-column lgc-grid-parent lgc-grid-50 lgc-tablet-grid-50 lgc-mobile-grid-100  c\"><div  class=\"inside-grid-column\">\n<h2 class=\"white\">COMMENT POUVONS-NOUS VOUS VENIR EN AIDE ?<\/h2>\n<p><img loading=\"lazy\" decoding=\"async\" class=\"aligncenter size-full wp-image-156\" src=\"https:\/\/www.hotelhari.ch\/ferien\/wp-content\/uploads\/2015\/05\/bogen_blau.png\" alt=\"bogen_blau\" width=\"467\" height=\"10\" srcset=\"https:\/\/www.hotelhari.ch\/ferien\/wp-content\/uploads\/2015\/05\/bogen_blau.png 467w, https:\/\/www.hotelhari.ch\/ferien\/wp-content\/uploads\/2015\/05\/bogen_blau-300x6.png 300w, https:\/\/www.hotelhari.ch\/ferien\/wp-content\/uploads\/2015\/05\/bogen_blau-400x10.png 400w\" sizes=\"auto, (max-width: 467px) 100vw, 467px\" \/><\/p>\n<p>Appelez-nous au +41 (0)33 673 60 60 ou \u00e9crivez-nous un <a href=\"m&#97;&#x69;&#x6c;t&#111;&#58;&#x69;&#x6e;f&#111;&#64;&#x68;&#x6f;t&#101;&#x6c;&#x68;&#x61;r&#105;&#x2e;&#x63;h\">mail<\/a>! Nous vous conseillons volontiers et mettons tout en oeuvre pour  vous proposer un s\u00e9jour inoubliable.<\/p>\n<p><\/p><\/div><\/div><div  class=\"lgc-column lgc-grid-parent lgc-grid-50 lgc-tablet-grid-50 lgc-mobile-grid-100  c tj\"><div  class=\"inside-grid-column\"><img loading=\"lazy\" decoding=\"async\" width=\"221\" height=\"322\" src=\"https:\/\/www.hotelhari.ch\/ferien\/wp-content\/uploads\/2015\/05\/la_cheffe_3.png\"\/><\/div><\/div><div class=\"lgc-clear\"><\/div>\n","protected":false},"excerpt":{"rendered":"","protected":false},"author":815,"featured_media":0,"parent":0,"menu_order":1,"comment_status":"closed","ping_status":"closed","template":"","meta":{"generate_page_header":"","footnotes":""},"class_list":["post-2250","page","type-page","status-publish"],"yoast_head":"<!-- This site is optimized with the Yoast SEO plugin v25.9 - https:\/\/yoast.com\/wordpress\/plugins\/seo\/ -->\n<title>Conditions g\u00e9n\u00e9rales de vente de l&#039;H\u00f4tel Hari<\/title>\n<meta name=\"description\" content=\"Nos conditions g\u00e9n\u00e9rales de vente \u00e0 l&#039;H\u00f4tel Hari d&#039;Adelboden : nous avons volontiers consign\u00e9 l&#039;essentiel pour vous.\" \/>\n<meta name=\"robots\" content=\"index, follow, max-snippet:-1, max-image-preview:large, max-video-preview:-1\" \/>\n<link rel=\"canonical\" href=\"https:\/\/www.hotelhari.ch\/fr\/cg\/\" \/>\n<meta property=\"og:locale\" content=\"fr_FR\" \/>\n<meta property=\"og:type\" content=\"article\" \/>\n<meta property=\"og:title\" content=\"Conditions g\u00e9n\u00e9rales de vente de l&#039;H\u00f4tel Hari\" \/>\n<meta property=\"og:description\" content=\"Nos conditions g\u00e9n\u00e9rales de vente \u00e0 l&#039;H\u00f4tel Hari d&#039;Adelboden : nous avons volontiers consign\u00e9 l&#039;essentiel pour vous.\" \/>\n<meta property=\"og:url\" content=\"https:\/\/www.hotelhari.ch\/fr\/cg\/\" \/>\n<meta property=\"og:site_name\" content=\"Hotel Hari im Schlegeli AG\" \/>\n<meta property=\"article:publisher\" content=\"https:\/\/www.facebook.com\/HotelHari.Adelboden\/\" \/>\n<meta property=\"article:modified_time\" content=\"2024-02-04T16:56:43+00:00\" \/>\n<meta property=\"og:image\" content=\"https:\/\/www.hotelhari.ch\/ferien\/wp-content\/uploads\/2015\/05\/bogen_braun.png\" \/>\n<meta name=\"twitter:card\" content=\"summary_large_image\" \/>\n<meta name=\"twitter:label1\" content=\"Dur\u00e9e de lecture estim\u00e9e\" \/>\n\t<meta name=\"twitter:data1\" content=\"2 minutes\" \/>\n<script type=\"application\/ld+json\" class=\"yoast-schema-graph\">{\"@context\":\"https:\/\/schema.org\",\"@graph\":[{\"@type\":\"WebPage\",\"@id\":\"https:\/\/www.hotelhari.ch\/fr\/cg\/\",\"url\":\"https:\/\/www.hotelhari.ch\/fr\/cg\/\",\"name\":\"Conditions g\u00e9n\u00e9rales de vente de l'H\u00f4tel Hari\",\"isPartOf\":{\"@id\":\"https:\/\/www.hotelhari.ch\/fr\/#website\"},\"primaryImageOfPage\":{\"@id\":\"https:\/\/www.hotelhari.ch\/fr\/cg\/#primaryimage\"},\"image\":{\"@id\":\"https:\/\/www.hotelhari.ch\/fr\/cg\/#primaryimage\"},\"thumbnailUrl\":\"https:\/\/www.hotelhari.ch\/ferien\/wp-content\/uploads\/2015\/05\/bogen_braun.png\",\"datePublished\":\"2015-10-21T19:45:11+00:00\",\"dateModified\":\"2024-02-04T16:56:43+00:00\",\"description\":\"Nos conditions g\u00e9n\u00e9rales de vente \u00e0 l'H\u00f4tel Hari d'Adelboden : nous avons volontiers consign\u00e9 l'essentiel pour vous.\",\"breadcrumb\":{\"@id\":\"https:\/\/www.hotelhari.ch\/fr\/cg\/#breadcrumb\"},\"inLanguage\":\"fr-FR\",\"potentialAction\":[{\"@type\":\"ReadAction\",\"target\":[\"https:\/\/www.hotelhari.ch\/fr\/cg\/\"]}]},{\"@type\":\"ImageObject\",\"inLanguage\":\"fr-FR\",\"@id\":\"https:\/\/www.hotelhari.ch\/fr\/cg\/#primaryimage\",\"url\":\"https:\/\/www.hotelhari.ch\/ferien\/wp-content\/uploads\/2015\/05\/bogen_braun.png\",\"contentUrl\":\"https:\/\/www.hotelhari.ch\/ferien\/wp-content\/uploads\/2015\/05\/bogen_braun.png\"},{\"@type\":\"BreadcrumbList\",\"@id\":\"https:\/\/www.hotelhari.ch\/fr\/cg\/#breadcrumb\",\"itemListElement\":[{\"@type\":\"ListItem\",\"position\":1,\"name\":\"Hotel Hari\",\"item\":\"https:\/\/www.hotelhari.ch\/fr\/\"},{\"@type\":\"ListItem\",\"position\":2,\"name\":\"CG\"}]},{\"@type\":\"WebSite\",\"@id\":\"https:\/\/www.hotelhari.ch\/fr\/#website\",\"url\":\"https:\/\/www.hotelhari.ch\/fr\/\",\"name\":\"Hotel Hari im Schlegeli AG\",\"description\":\"Bienvenue \u00e0 l\u2019H\u00f4tel Hari ! \",\"publisher\":{\"@id\":\"https:\/\/www.hotelhari.ch\/fr\/#organization\"},\"potentialAction\":[{\"@type\":\"SearchAction\",\"target\":{\"@type\":\"EntryPoint\",\"urlTemplate\":\"https:\/\/www.hotelhari.ch\/fr\/?s={search_term_string}\"},\"query-input\":{\"@type\":\"PropertyValueSpecification\",\"valueRequired\":true,\"valueName\":\"search_term_string\"}}],\"inLanguage\":\"fr-FR\"},{\"@type\":\"Organization\",\"@id\":\"https:\/\/www.hotelhari.ch\/fr\/#organization\",\"name\":\"Hotel Hari im Schlegeli AG\",\"url\":\"https:\/\/www.hotelhari.ch\/fr\/\",\"logo\":{\"@type\":\"ImageObject\",\"inLanguage\":\"fr-FR\",\"@id\":\"https:\/\/www.hotelhari.ch\/fr\/#\/schema\/logo\/image\/\",\"url\":\"https:\/\/www.hotelhari.ch\/ferien\/wp-content\/uploads\/2015\/05\/Hotel_Hari_Logo.png\",\"contentUrl\":\"https:\/\/www.hotelhari.ch\/ferien\/wp-content\/uploads\/2015\/05\/Hotel_Hari_Logo.png\",\"width\":400,\"height\":110,\"caption\":\"Hotel Hari im Schlegeli AG\"},\"image\":{\"@id\":\"https:\/\/www.hotelhari.ch\/fr\/#\/schema\/logo\/image\/\"},\"sameAs\":[\"https:\/\/www.facebook.com\/HotelHari.Adelboden\/\",\"https:\/\/www.instagram.com\/hotelhariadelboden\/\"]}]}<\/script>\n<!-- \/ Yoast SEO plugin. -->","yoast_head_json":{"title":"Conditions g\u00e9n\u00e9rales de vente de l'H\u00f4tel Hari","description":"Nos conditions g\u00e9n\u00e9rales de vente \u00e0 l'H\u00f4tel Hari d'Adelboden : nous avons volontiers consign\u00e9 l'essentiel pour vous.","robots":{"index":"index","follow":"follow","max-snippet":"max-snippet:-1","max-image-preview":"max-image-preview:large","max-video-preview":"max-video-preview:-1"},"canonical":"https:\/\/www.hotelhari.ch\/fr\/cg\/","og_locale":"fr_FR","og_type":"article","og_title":"Conditions g\u00e9n\u00e9rales de vente de l'H\u00f4tel Hari","og_description":"Nos conditions g\u00e9n\u00e9rales de vente \u00e0 l'H\u00f4tel Hari d'Adelboden : nous avons volontiers consign\u00e9 l'essentiel pour vous.","og_url":"https:\/\/www.hotelhari.ch\/fr\/cg\/","og_site_name":"Hotel Hari im Schlegeli AG","article_publisher":"https:\/\/www.facebook.com\/HotelHari.Adelboden\/","article_modified_time":"2024-02-04T16:56:43+00:00","og_image":[{"url":"https:\/\/www.hotelhari.ch\/ferien\/wp-content\/uploads\/2015\/05\/bogen_braun.png","type":"","width":"","height":""}],"twitter_card":"summary_large_image","twitter_misc":{"Dur\u00e9e de lecture estim\u00e9e":"2 minutes"},"schema":{"@context":"https:\/\/schema.org","@graph":[{"@type":"WebPage","@id":"https:\/\/www.hotelhari.ch\/fr\/cg\/","url":"https:\/\/www.hotelhari.ch\/fr\/cg\/","name":"Conditions g\u00e9n\u00e9rales de vente de l'H\u00f4tel Hari","isPartOf":{"@id":"https:\/\/www.hotelhari.ch\/fr\/#website"},"primaryImageOfPage":{"@id":"https:\/\/www.hotelhari.ch\/fr\/cg\/#primaryimage"},"image":{"@id":"https:\/\/www.hotelhari.ch\/fr\/cg\/#primaryimage"},"thumbnailUrl":"https:\/\/www.hotelhari.ch\/ferien\/wp-content\/uploads\/2015\/05\/bogen_braun.png","datePublished":"2015-10-21T19:45:11+00:00","dateModified":"2024-02-04T16:56:43+00:00","description":"Nos conditions g\u00e9n\u00e9rales de vente \u00e0 l'H\u00f4tel Hari d'Adelboden : nous avons volontiers consign\u00e9 l'essentiel pour vous.","breadcrumb":{"@id":"https:\/\/www.hotelhari.ch\/fr\/cg\/#breadcrumb"},"inLanguage":"fr-FR","potentialAction":[{"@type":"ReadAction","target":["https:\/\/www.hotelhari.ch\/fr\/cg\/"]}]},{"@type":"ImageObject","inLanguage":"fr-FR","@id":"https:\/\/www.hotelhari.ch\/fr\/cg\/#primaryimage","url":"https:\/\/www.hotelhari.ch\/ferien\/wp-content\/uploads\/2015\/05\/bogen_braun.png","contentUrl":"https:\/\/www.hotelhari.ch\/ferien\/wp-content\/uploads\/2015\/05\/bogen_braun.png"},{"@type":"BreadcrumbList","@id":"https:\/\/www.hotelhari.ch\/fr\/cg\/#breadcrumb","itemListElement":[{"@type":"ListItem","position":1,"name":"Hotel Hari","item":"https:\/\/www.hotelhari.ch\/fr\/"},{"@type":"ListItem","position":2,"name":"CG"}]},{"@type":"WebSite","@id":"https:\/\/www.hotelhari.ch\/fr\/#website","url":"https:\/\/www.hotelhari.ch\/fr\/","name":"Hotel Hari im Schlegeli AG","description":"Bienvenue \u00e0 l\u2019H\u00f4tel Hari ! ","publisher":{"@id":"https:\/\/www.hotelhari.ch\/fr\/#organization"},"potentialAction":[{"@type":"SearchAction","target":{"@type":"EntryPoint","urlTemplate":"https:\/\/www.hotelhari.ch\/fr\/?s={search_term_string}"},"query-input":{"@type":"PropertyValueSpecification","valueRequired":true,"valueName":"search_term_string"}}],"inLanguage":"fr-FR"},{"@type":"Organization","@id":"https:\/\/www.hotelhari.ch\/fr\/#organization","name":"Hotel Hari im Schlegeli AG","url":"https:\/\/www.hotelhari.ch\/fr\/","logo":{"@type":"ImageObject","inLanguage":"fr-FR","@id":"https:\/\/www.hotelhari.ch\/fr\/#\/schema\/logo\/image\/","url":"https:\/\/www.hotelhari.ch\/ferien\/wp-content\/uploads\/2015\/05\/Hotel_Hari_Logo.png","contentUrl":"https:\/\/www.hotelhari.ch\/ferien\/wp-content\/uploads\/2015\/05\/Hotel_Hari_Logo.png","width":400,"height":110,"caption":"Hotel Hari im Schlegeli AG"},"image":{"@id":"https:\/\/www.hotelhari.ch\/fr\/#\/schema\/logo\/image\/"},"sameAs":["https:\/\/www.facebook.com\/HotelHari.Adelboden\/","https:\/\/www.instagram.com\/hotelhariadelboden\/"]}]}},"publishpress_future_action":{"enabled":false,"date":"2026-04-24 03:09:03","action":"change-status","newStatus":"draft","terms":[],"taxonomy":"translation_priority","extraData":[]},"publishpress_future_workflow_manual_trigger":{"enabledWorkflows":[]},"_links":{"self":[{"href":"https:\/\/www.hotelhari.ch\/fr\/wp-json\/wp\/v2\/pages\/2250","targetHints":{"allow":["GET"]}}],"collection":[{"href":"https:\/\/www.hotelhari.ch\/fr\/wp-json\/wp\/v2\/pages"}],"about":[{"href":"https:\/\/www.hotelhari.ch\/fr\/wp-json\/wp\/v2\/types\/page"}],"author":[{"embeddable":true,"href":"https:\/\/www.hotelhari.ch\/fr\/wp-json\/wp\/v2\/users\/815"}],"replies":[{"embeddable":true,"href":"https:\/\/www.hotelhari.ch\/fr\/wp-json\/wp\/v2\/comments?post=2250"}],"version-history":[{"count":2,"href":"https:\/\/www.hotelhari.ch\/fr\/wp-json\/wp\/v2\/pages\/2250\/revisions"}],"predecessor-version":[{"id":9698,"href":"https:\/\/www.hotelhari.ch\/fr\/wp-json\/wp\/v2\/pages\/2250\/revisions\/9698"}],"wp:attachment":[{"href":"https:\/\/www.hotelhari.ch\/fr\/wp-json\/wp\/v2\/media?parent=2250"}],"curies":[{"name":"wp","href":"https:\/\/api.w.org\/{rel}","templated":true}]}}