{"id":4925,"date":"2016-11-03T20:35:30","date_gmt":"2016-11-03T19:35:30","guid":{"rendered":"http:\/\/www.hotelhari.ch\/fr\/?page_id=4925"},"modified":"2024-02-04T19:31:54","modified_gmt":"2024-02-04T18:31:54","slug":"evaluations","status":"publish","type":"page","link":"https:\/\/www.hotelhari.ch\/fr\/qui-sommes-nous\/evaluations\/","title":{"rendered":"Evaluations"},"content":{"rendered":"<h1 style=\"text-align: center;\">C&rsquo;est ce que disent nos h\u00f4tes.<\/h1>\n<p><img loading=\"lazy\" decoding=\"async\" class=\"aligncenter size-full wp-image-157\" src=\"https:\/\/www.hotelhari.ch\/ferien\/wp-content\/uploads\/2015\/05\/bogen_braun.png\" alt=\"\" width=\"467\" height=\"10\" srcset=\"https:\/\/www.hotelhari.ch\/ferien\/wp-content\/uploads\/2015\/05\/bogen_braun.png 467w, https:\/\/www.hotelhari.ch\/ferien\/wp-content\/uploads\/2015\/05\/bogen_braun-300x6.png 300w, https:\/\/www.hotelhari.ch\/ferien\/wp-content\/uploads\/2015\/05\/bogen_braun-400x10.png 400w\" sizes=\"auto, (max-width: 467px) 100vw, 467px\" \/><br \/>\n<div  class=\"lgc-column lgc-grid-parent lgc-grid-75 lgc-tablet-grid-100 lgc-mobile-grid-100 lgc-equal-heights \"><div  class=\"inside-grid-column\">\n<h2><a href=\"https:\/\/api.trustyou.com\/hotels\/effd37d0-53bb-4177-9e70-97de1c8809e5\/reviews.html?key=dd1219f6-5a2f-4545-b40e-ae47c694e427\" target=\"_blank\" rel=\"noopener\">Lisez les commentaires individuels.<\/a><\/h2>\n<p><a href=\"https:\/\/api.trustyou.com\/hotels\/effd37d0-53bb-4177-9e70-97de1c8809e5\/reviews.html?key=dd1219f6-5a2f-4545-b40e-ae47c694e427\" target=\"_blank\" rel=\"noopener\"><img loading=\"lazy\" decoding=\"async\" src=\"https:\/\/www.hotelhari.ch\/ferien\/wp-content\/uploads\/2016\/11\/trustyou_reviews-1024x655.jpg\" alt=\"\" width=\"1024\" height=\"655\" class=\"alignleft size-large wp-image-6951\" srcset=\"https:\/\/www.hotelhari.ch\/ferien\/wp-content\/uploads\/2016\/11\/trustyou_reviews-1024x655.jpg 1024w, https:\/\/www.hotelhari.ch\/ferien\/wp-content\/uploads\/2016\/11\/trustyou_reviews-300x192.jpg 300w, https:\/\/www.hotelhari.ch\/ferien\/wp-content\/uploads\/2016\/11\/trustyou_reviews-768x492.jpg 768w, https:\/\/www.hotelhari.ch\/ferien\/wp-content\/uploads\/2016\/11\/trustyou_reviews.jpg 1164w\" sizes=\"auto, (max-width: 1024px) 100vw, 1024px\" \/><\/a><\/p>\n<h2><a href=\"https:\/\/api.trustyou.com\/hotels\/effd37d0-53bb-4177-9e70-97de1c8809e5\/tops_flops.html?key=dd1219f6-5a2f-4545-b40e-ae47c694e427\" target=\"_blank\" rel=\"noopener\">Affichez un r\u00e9sum\u00e9 de toutes les \u00e9valuations (m\u00e9ta-\u00e9valuation).<\/a><\/h2>\n<p><a href=\"https:\/\/api.trustyou.com\/hotels\/effd37d0-53bb-4177-9e70-97de1c8809e5\/tops_flops.html?key=dd1219f6-5a2f-4545-b40e-ae47c694e427\" target=\"_blank\" rel=\"noopener\"><img loading=\"lazy\" decoding=\"async\" src=\"https:\/\/www.hotelhari.ch\/ferien\/wp-content\/uploads\/2016\/11\/trustyou_meta-1024x743.jpg\" alt=\"\" width=\"1024\" height=\"743\" class=\"alignleft size-large wp-image-6948\" srcset=\"https:\/\/www.hotelhari.ch\/ferien\/wp-content\/uploads\/2016\/11\/trustyou_meta-1024x743.jpg 1024w, https:\/\/www.hotelhari.ch\/ferien\/wp-content\/uploads\/2016\/11\/trustyou_meta-300x218.jpg 300w, https:\/\/www.hotelhari.ch\/ferien\/wp-content\/uploads\/2016\/11\/trustyou_meta-768x557.jpg 768w, https:\/\/www.hotelhari.ch\/ferien\/wp-content\/uploads\/2016\/11\/trustyou_meta.jpg 1047w\" sizes=\"auto, (max-width: 1024px) 100vw, 1024px\" \/><\/a><br \/>\n<\/p><\/div><\/div><div  class=\"lgc-column lgc-grid-parent lgc-grid-25 lgc-tablet-grid-100 lgc-mobile-grid-100 lgc-equal-heights \"><div  class=\"inside-grid-column\"><!-- TrustYou Widget --><br \/>\n<iframe loading=\"lazy\" src=\"https:\/\/api.trustyou.com\/hotels\/effd37d0-53bb-4177-9e70-97de1c8809e5\/trust_score.html?key=6c88ec14-4a4e-4925-9bf2-5b26fb39495d&#038;size=m&#038;scale=100\"\n  scrolling=\"no\"\n  height=\"56\"\n  width=\"205\"\n  style=\"border:none\"><\/iframe><br \/>\n<!-- \/TrustYou Widget --><\/div><\/div><div class=\"lgc-clear\"><\/div>\n<div  class=\"lgc-column lgc-grid-parent lgc-grid-33 lgc-tablet-grid-33 lgc-mobile-grid-100 lgc-equal-heights c blox\"><div  class=\"inside-grid-column\"><i class=\"fa fa-blox fa-heart\" aria-hidden=\"true\"><\/i>\n<h3 class=\"white\">Accueillant et convivial<\/h3>\n<p>Laissez-vous enthousiasmer par l&rsquo;atmosph\u00e8re chaleureuse, le service avenant et notre infrastructure conviviale.<\/p>\n<p><\/p><\/div><\/div><div  class=\"lgc-column lgc-grid-parent lgc-grid-33 lgc-tablet-grid-33 lgc-mobile-grid-100 lgc-equal-heights c blox\"><div  class=\"inside-grid-column\"><i class=\"fa fa-blox fa-refresh\" aria-hidden=\"true\"><\/i>\n<h3 class=\"white\">Ressourcement pour le corps et l&rsquo;esprit<\/h3>\n<p>En tant qu&rsquo;\u00e9tablissement dirig\u00e9 selon les principes chr\u00e9tiens et membre de l'\u00a0\u00bbAssociation des h\u00f4tels chr\u00e9tiens\u00a0\u00bb, nous souhaitons que tout votre \u00eatre se porte bien.<\/p>\n<p><\/p><\/div><\/div><div  class=\"lgc-column lgc-grid-parent lgc-grid-33 lgc-tablet-grid-33 lgc-mobile-grid-100 lgc-equal-heights c blox\"><div  class=\"inside-grid-column\"><i class=\"fa fa-blox fa-cubes\" aria-hidden=\"true\"><\/i>\n<h3 class=\"white\">Du trois \u00e9toiles \u00e0 l&rsquo;exp\u00e9rience de groupe<\/h3>\n<p>Une chambre pour chaque besoin: de la chambre trois \u00e9toiles avec balcon aux dortoirs de la maison ind\u00e9pendante.<\/p>\n<p><\/p><\/div><\/div><div class=\"lgc-clear\"><\/div>\n<div  class=\"lgc-column lgc-grid-parent lgc-grid-50 lgc-tablet-grid-50 lgc-mobile-grid-100 lgc-equal-heights c\"><div  class=\"inside-grid-column\">\n<h3 class=\"white\">Impressions de l\u2019H\u00f4tel Hari<\/h3>\n<p><img loading=\"lazy\" decoding=\"async\" class=\"aligncenter size-full wp-image-156\" src=\"https:\/\/www.hotelhari.ch\/ferien\/wp-content\/uploads\/2015\/05\/bogen_blau.png\" alt=\"bogen_blau\" width=\"467\" height=\"10\" srcset=\"https:\/\/www.hotelhari.ch\/ferien\/wp-content\/uploads\/2015\/05\/bogen_blau.png 467w, https:\/\/www.hotelhari.ch\/ferien\/wp-content\/uploads\/2015\/05\/bogen_blau-300x6.png 300w, https:\/\/www.hotelhari.ch\/ferien\/wp-content\/uploads\/2015\/05\/bogen_blau-400x10.png 400w\" sizes=\"auto, (max-width: 467px) 100vw, 467px\" \/><\/p>\n<p>L\u2019H\u00f4tel Hari est compos\u00e9 de plusieurs maisons reli\u00e9es entre elles. Dans la <a href=\"https:\/\/www.hotelhari.ch\/fr\/chambres-hotel-adelboden\/chambres-hotel-oberland-bernois\/\">maison d\u2019origine<\/a> et dans la <a href=\"https:\/\/www.hotelhari.ch\/fr\/chambres-hotel-adelboden\/chambre-double-adelboden\/\">maison Tobias<\/a>, toutes les chambres disposent d\u2019une salle de bain avec douche et toilettes. Elles disposent d\u2019un t\u00e9l\u00e9phone, d\u2019un coffre-fort, d\u2019une radio ainsi que d\u2019une t\u00e9l\u00e9vision. La maison principale vous permet de s\u00e9journer \u00e0 moindre frais dans les chambres \u00e9conomiques tout en b\u00e9n\u00e9ficiant des trois \u00e9toiles de l\u2019H\u00f4tel Hari de l\u2019accueil \u00e0 la salle \u00e0 manger.<\/p>\n<p>Profitez de la vue ph\u00e9nom\u00e9nale du balcon de votre chambre et de la terrasse panoramique sur la \u00ab plus belle vall\u00e9e de Suisse \u00bb avec en vedette le Lohner, le Wildstrubel et l\u2019Engstligenalp! D\u00e9couvrez tout ce que vous avez \u00e0 d\u00e9couvrir \u00e0 <a href=\"https:\/\/www.hotelhari.ch\/fr\/infos\/adelboden-en-ete\/\">Adelboden en \u00e9t\u00e9<\/a> et <a href=\"https:\/\/www.hotelhari.ch\/fr\/infos\/adelboden-en-hiver\/\">en hiver<\/a>!<\/p>\n<p><\/p><\/div><\/div><div  class=\"lgc-column lgc-grid-parent lgc-grid-50 lgc-tablet-grid-50 lgc-mobile-grid-100 lgc-equal-heights c\"><div  class=\"inside-grid-column\">[easingslider id=\u00a0\u00bb6325&Prime;]<\/div><\/div><div class=\"lgc-clear\"><\/div>\n","protected":false},"excerpt":{"rendered":"<p>C&rsquo;est ce que disent nos h\u00f4tes.<\/p>\n","protected":false},"author":815,"featured_media":0,"parent":3766,"menu_order":4,"comment_status":"closed","ping_status":"closed","template":"","meta":{"generate_page_header":"","footnotes":""},"class_list":["post-4925","page","type-page","status-publish"],"yoast_head":"<!-- This site is optimized with the Yoast SEO plugin v25.9 - https:\/\/yoast.com\/wordpress\/plugins\/seo\/ -->\n<title>Voici comment les clients nous \u00e9valuent<\/title>\n<meta name=\"description\" content=\"C&#039;est ainsi que les clients nous \u00e9valuent : Lisez ce que les autres disent de nous et laissez-vous convaincre par les bonnes critiques que nous recevons !\" \/>\n<meta name=\"robots\" content=\"index, follow, max-snippet:-1, max-image-preview:large, max-video-preview:-1\" \/>\n<link rel=\"canonical\" href=\"https:\/\/www.hotelhari.ch\/fr\/qui-sommes-nous\/evaluations\/\" \/>\n<meta property=\"og:locale\" content=\"fr_FR\" \/>\n<meta property=\"og:type\" content=\"article\" \/>\n<meta property=\"og:title\" content=\"Voici comment les clients nous \u00e9valuent\" \/>\n<meta property=\"og:description\" content=\"C&#039;est ainsi que les clients nous \u00e9valuent : Lisez ce que les autres disent de nous et laissez-vous convaincre par les bonnes critiques que nous recevons !\" \/>\n<meta property=\"og:url\" content=\"https:\/\/www.hotelhari.ch\/fr\/qui-sommes-nous\/evaluations\/\" \/>\n<meta property=\"og:site_name\" content=\"Hotel Hari im Schlegeli AG\" \/>\n<meta property=\"article:publisher\" content=\"https:\/\/www.facebook.com\/HotelHari.Adelboden\/\" \/>\n<meta property=\"article:modified_time\" content=\"2024-02-04T18:31:54+00:00\" \/>\n<meta property=\"og:image\" content=\"https:\/\/www.hotelhari.ch\/ferien\/wp-content\/uploads\/2015\/05\/bogen_braun.png\" \/>\n<meta name=\"twitter:card\" content=\"summary_large_image\" \/>\n<meta name=\"twitter:label1\" content=\"Dur\u00e9e de lecture estim\u00e9e\" \/>\n\t<meta name=\"twitter:data1\" content=\"3 minutes\" \/>\n<script type=\"application\/ld+json\" class=\"yoast-schema-graph\">{\"@context\":\"https:\/\/schema.org\",\"@graph\":[{\"@type\":\"WebPage\",\"@id\":\"https:\/\/www.hotelhari.ch\/fr\/qui-sommes-nous\/evaluations\/\",\"url\":\"https:\/\/www.hotelhari.ch\/fr\/qui-sommes-nous\/evaluations\/\",\"name\":\"Voici comment les clients nous \u00e9valuent\",\"isPartOf\":{\"@id\":\"https:\/\/www.hotelhari.ch\/fr\/#website\"},\"primaryImageOfPage\":{\"@id\":\"https:\/\/www.hotelhari.ch\/fr\/qui-sommes-nous\/evaluations\/#primaryimage\"},\"image\":{\"@id\":\"https:\/\/www.hotelhari.ch\/fr\/qui-sommes-nous\/evaluations\/#primaryimage\"},\"thumbnailUrl\":\"https:\/\/www.hotelhari.ch\/ferien\/wp-content\/uploads\/2015\/05\/bogen_braun.png\",\"datePublished\":\"2016-11-03T19:35:30+00:00\",\"dateModified\":\"2024-02-04T18:31:54+00:00\",\"description\":\"C'est ainsi que les clients nous \u00e9valuent : Lisez ce que les autres disent de nous et laissez-vous convaincre par les bonnes critiques que nous recevons !\",\"breadcrumb\":{\"@id\":\"https:\/\/www.hotelhari.ch\/fr\/qui-sommes-nous\/evaluations\/#breadcrumb\"},\"inLanguage\":\"fr-FR\",\"potentialAction\":[{\"@type\":\"ReadAction\",\"target\":[\"https:\/\/www.hotelhari.ch\/fr\/qui-sommes-nous\/evaluations\/\"]}]},{\"@type\":\"ImageObject\",\"inLanguage\":\"fr-FR\",\"@id\":\"https:\/\/www.hotelhari.ch\/fr\/qui-sommes-nous\/evaluations\/#primaryimage\",\"url\":\"https:\/\/www.hotelhari.ch\/ferien\/wp-content\/uploads\/2015\/05\/bogen_braun.png\",\"contentUrl\":\"https:\/\/www.hotelhari.ch\/ferien\/wp-content\/uploads\/2015\/05\/bogen_braun.png\"},{\"@type\":\"BreadcrumbList\",\"@id\":\"https:\/\/www.hotelhari.ch\/fr\/qui-sommes-nous\/evaluations\/#breadcrumb\",\"itemListElement\":[{\"@type\":\"ListItem\",\"position\":1,\"name\":\"Hotel Hari\",\"item\":\"https:\/\/www.hotelhari.ch\/fr\/\"},{\"@type\":\"ListItem\",\"position\":2,\"name\":\"Qui sommes-nous?\",\"item\":\"https:\/\/www.hotelhari.ch\/fr\/qui-sommes-nous\/\"},{\"@type\":\"ListItem\",\"position\":3,\"name\":\"Evaluations\"}]},{\"@type\":\"WebSite\",\"@id\":\"https:\/\/www.hotelhari.ch\/fr\/#website\",\"url\":\"https:\/\/www.hotelhari.ch\/fr\/\",\"name\":\"Hotel Hari im Schlegeli AG\",\"description\":\"Bienvenue \u00e0 l\u2019H\u00f4tel Hari ! \",\"publisher\":{\"@id\":\"https:\/\/www.hotelhari.ch\/fr\/#organization\"},\"potentialAction\":[{\"@type\":\"SearchAction\",\"target\":{\"@type\":\"EntryPoint\",\"urlTemplate\":\"https:\/\/www.hotelhari.ch\/fr\/?s={search_term_string}\"},\"query-input\":{\"@type\":\"PropertyValueSpecification\",\"valueRequired\":true,\"valueName\":\"search_term_string\"}}],\"inLanguage\":\"fr-FR\"},{\"@type\":\"Organization\",\"@id\":\"https:\/\/www.hotelhari.ch\/fr\/#organization\",\"name\":\"Hotel Hari im Schlegeli AG\",\"url\":\"https:\/\/www.hotelhari.ch\/fr\/\",\"logo\":{\"@type\":\"ImageObject\",\"inLanguage\":\"fr-FR\",\"@id\":\"https:\/\/www.hotelhari.ch\/fr\/#\/schema\/logo\/image\/\",\"url\":\"https:\/\/www.hotelhari.ch\/ferien\/wp-content\/uploads\/2015\/05\/Hotel_Hari_Logo.png\",\"contentUrl\":\"https:\/\/www.hotelhari.ch\/ferien\/wp-content\/uploads\/2015\/05\/Hotel_Hari_Logo.png\",\"width\":400,\"height\":110,\"caption\":\"Hotel Hari im Schlegeli AG\"},\"image\":{\"@id\":\"https:\/\/www.hotelhari.ch\/fr\/#\/schema\/logo\/image\/\"},\"sameAs\":[\"https:\/\/www.facebook.com\/HotelHari.Adelboden\/\",\"https:\/\/www.instagram.com\/hotelhariadelboden\/\"]}]}<\/script>\n<!-- \/ Yoast SEO plugin. -->","yoast_head_json":{"title":"Voici comment les clients nous \u00e9valuent","description":"C'est ainsi que les clients nous \u00e9valuent : Lisez ce que les autres disent de nous et laissez-vous convaincre par les bonnes critiques que nous recevons !","robots":{"index":"index","follow":"follow","max-snippet":"max-snippet:-1","max-image-preview":"max-image-preview:large","max-video-preview":"max-video-preview:-1"},"canonical":"https:\/\/www.hotelhari.ch\/fr\/qui-sommes-nous\/evaluations\/","og_locale":"fr_FR","og_type":"article","og_title":"Voici comment les clients nous \u00e9valuent","og_description":"C'est ainsi que les clients nous \u00e9valuent : Lisez ce que les autres disent de nous et laissez-vous convaincre par les bonnes critiques que nous recevons !","og_url":"https:\/\/www.hotelhari.ch\/fr\/qui-sommes-nous\/evaluations\/","og_site_name":"Hotel Hari im Schlegeli AG","article_publisher":"https:\/\/www.facebook.com\/HotelHari.Adelboden\/","article_modified_time":"2024-02-04T18:31:54+00:00","og_image":[{"url":"https:\/\/www.hotelhari.ch\/ferien\/wp-content\/uploads\/2015\/05\/bogen_braun.png","type":"","width":"","height":""}],"twitter_card":"summary_large_image","twitter_misc":{"Dur\u00e9e de lecture estim\u00e9e":"3 minutes"},"schema":{"@context":"https:\/\/schema.org","@graph":[{"@type":"WebPage","@id":"https:\/\/www.hotelhari.ch\/fr\/qui-sommes-nous\/evaluations\/","url":"https:\/\/www.hotelhari.ch\/fr\/qui-sommes-nous\/evaluations\/","name":"Voici comment les clients nous \u00e9valuent","isPartOf":{"@id":"https:\/\/www.hotelhari.ch\/fr\/#website"},"primaryImageOfPage":{"@id":"https:\/\/www.hotelhari.ch\/fr\/qui-sommes-nous\/evaluations\/#primaryimage"},"image":{"@id":"https:\/\/www.hotelhari.ch\/fr\/qui-sommes-nous\/evaluations\/#primaryimage"},"thumbnailUrl":"https:\/\/www.hotelhari.ch\/ferien\/wp-content\/uploads\/2015\/05\/bogen_braun.png","datePublished":"2016-11-03T19:35:30+00:00","dateModified":"2024-02-04T18:31:54+00:00","description":"C'est ainsi que les clients nous \u00e9valuent : Lisez ce que les autres disent de nous et laissez-vous convaincre par les bonnes critiques que nous recevons !","breadcrumb":{"@id":"https:\/\/www.hotelhari.ch\/fr\/qui-sommes-nous\/evaluations\/#breadcrumb"},"inLanguage":"fr-FR","potentialAction":[{"@type":"ReadAction","target":["https:\/\/www.hotelhari.ch\/fr\/qui-sommes-nous\/evaluations\/"]}]},{"@type":"ImageObject","inLanguage":"fr-FR","@id":"https:\/\/www.hotelhari.ch\/fr\/qui-sommes-nous\/evaluations\/#primaryimage","url":"https:\/\/www.hotelhari.ch\/ferien\/wp-content\/uploads\/2015\/05\/bogen_braun.png","contentUrl":"https:\/\/www.hotelhari.ch\/ferien\/wp-content\/uploads\/2015\/05\/bogen_braun.png"},{"@type":"BreadcrumbList","@id":"https:\/\/www.hotelhari.ch\/fr\/qui-sommes-nous\/evaluations\/#breadcrumb","itemListElement":[{"@type":"ListItem","position":1,"name":"Hotel Hari","item":"https:\/\/www.hotelhari.ch\/fr\/"},{"@type":"ListItem","position":2,"name":"Qui sommes-nous?","item":"https:\/\/www.hotelhari.ch\/fr\/qui-sommes-nous\/"},{"@type":"ListItem","position":3,"name":"Evaluations"}]},{"@type":"WebSite","@id":"https:\/\/www.hotelhari.ch\/fr\/#website","url":"https:\/\/www.hotelhari.ch\/fr\/","name":"Hotel Hari im Schlegeli AG","description":"Bienvenue \u00e0 l\u2019H\u00f4tel Hari ! ","publisher":{"@id":"https:\/\/www.hotelhari.ch\/fr\/#organization"},"potentialAction":[{"@type":"SearchAction","target":{"@type":"EntryPoint","urlTemplate":"https:\/\/www.hotelhari.ch\/fr\/?s={search_term_string}"},"query-input":{"@type":"PropertyValueSpecification","valueRequired":true,"valueName":"search_term_string"}}],"inLanguage":"fr-FR"},{"@type":"Organization","@id":"https:\/\/www.hotelhari.ch\/fr\/#organization","name":"Hotel Hari im Schlegeli AG","url":"https:\/\/www.hotelhari.ch\/fr\/","logo":{"@type":"ImageObject","inLanguage":"fr-FR","@id":"https:\/\/www.hotelhari.ch\/fr\/#\/schema\/logo\/image\/","url":"https:\/\/www.hotelhari.ch\/ferien\/wp-content\/uploads\/2015\/05\/Hotel_Hari_Logo.png","contentUrl":"https:\/\/www.hotelhari.ch\/ferien\/wp-content\/uploads\/2015\/05\/Hotel_Hari_Logo.png","width":400,"height":110,"caption":"Hotel Hari im Schlegeli AG"},"image":{"@id":"https:\/\/www.hotelhari.ch\/fr\/#\/schema\/logo\/image\/"},"sameAs":["https:\/\/www.facebook.com\/HotelHari.Adelboden\/","https:\/\/www.instagram.com\/hotelhariadelboden\/"]}]}},"publishpress_future_action":{"enabled":false,"date":"2026-04-17 12:15:45","action":"change-status","newStatus":"draft","terms":[],"taxonomy":"translation_priority","extraData":[]},"publishpress_future_workflow_manual_trigger":{"enabledWorkflows":[]},"_links":{"self":[{"href":"https:\/\/www.hotelhari.ch\/fr\/wp-json\/wp\/v2\/pages\/4925","targetHints":{"allow":["GET"]}}],"collection":[{"href":"https:\/\/www.hotelhari.ch\/fr\/wp-json\/wp\/v2\/pages"}],"about":[{"href":"https:\/\/www.hotelhari.ch\/fr\/wp-json\/wp\/v2\/types\/page"}],"author":[{"embeddable":true,"href":"https:\/\/www.hotelhari.ch\/fr\/wp-json\/wp\/v2\/users\/815"}],"replies":[{"embeddable":true,"href":"https:\/\/www.hotelhari.ch\/fr\/wp-json\/wp\/v2\/comments?post=4925"}],"version-history":[{"count":2,"href":"https:\/\/www.hotelhari.ch\/fr\/wp-json\/wp\/v2\/pages\/4925\/revisions"}],"predecessor-version":[{"id":10354,"href":"https:\/\/www.hotelhari.ch\/fr\/wp-json\/wp\/v2\/pages\/4925\/revisions\/10354"}],"up":[{"embeddable":true,"href":"https:\/\/www.hotelhari.ch\/fr\/wp-json\/wp\/v2\/pages\/3766"}],"wp:attachment":[{"href":"https:\/\/www.hotelhari.ch\/fr\/wp-json\/wp\/v2\/media?parent=4925"}],"curies":[{"name":"wp","href":"https:\/\/api.w.org\/{rel}","templated":true}]}}